{"id":303,"date":"2024-02-04T06:28:45","date_gmt":"2024-02-04T06:28:45","guid":{"rendered":"https:\/\/arcticpress.basoglu.co\/?page_id=303"},"modified":"2026-01-10T08:28:45","modified_gmt":"2026-01-10T13:28:45","slug":"gizlilik-politikasi","status":"publish","type":"page","link":"https:\/\/blog.batuhan.basoglu.ca\/index.php\/tr\/gizlilik-politikasi\/","title":{"rendered":"Gizlilik Politikas\u0131"},"content":{"rendered":"\n<h2 class=\"wp-block-heading\">Ben Kimim<\/h2>\n\n\n\n<p>Websitesinim adresi: https:\/\/batuhan.basoglu.ca.<\/p>\n\n\n\n<h2 class=\"wp-block-heading\">Yorumlar<\/h2>\n\n\n\n<p>Ziyaret\u00e7iler sitemize yorum yapt\u0131\u011f\u0131nda, yorum formunda g\u00f6sterilen verileri ve ziyaret\u00e7inin IP adresini ve taray\u0131c\u0131 kullan\u0131c\u0131 ajan\u0131 dizesini spam tespiti i\u00e7in topluyoruz.<\/p>\n\n\n\n<p>E-posta adresinizden olu\u015fturulan anonimle\u015ftirilmi\u015f bir dize (hash olarak da adland\u0131r\u0131l\u0131r) Gravatar hizmetine sa\u011flanabilir ve bunu kullan\u0131p kullanmad\u0131\u011f\u0131n\u0131z\u0131 g\u00f6rmek i\u00e7in kullan\u0131labilir. Gravatar hizmetinin gizlilik politikas\u0131 burada bulunabilir: https:\/\/automattic.com\/privacy\/. Yorumunuzun onaylanmas\u0131ndan sonra profil resminiz yorumunuzun ba\u011flam\u0131nda herkese g\u00f6r\u00fcn\u00fcr olacak.<\/p>\n\n\n\n<h2 class=\"wp-block-heading\">Ortam<\/h2>\n\n\n\n<p>Websitesine resim y\u00fcklerseniz, g\u00f6m\u00fcl\u00fc konum verileri i\u00e7eren resimleri y\u00fcklememeye dikkat etmelisiniz (EXIF GPS). Websitesine gelen ziyaret\u00e7iler, websitedeki resimlerden herhangi bir konum verisini indirebilir ve \u00e7\u0131karabilir.<\/p>\n\n\n\n<h2 class=\"wp-block-heading\">\u00c7erezler<\/h2>\n\n\n\n<p>Sitemizde bir yorum b\u0131rak\u0131rsan\u0131z, ad\u0131n\u0131z\u0131, e-posta adresinizi ve web sitenizi \u00e7erezlere kaydetmeyi se\u00e7ebilirsiniz. Bu, ba\u015fka bir yorum b\u0131rakt\u0131\u011f\u0131n\u0131zda tekrar bilgilerinizi doldurman\u0131z gerekmedi\u011fi i\u00e7in sizin i\u00e7in bir kolayl\u0131kt\u0131r. Bu \u00e7erezler bir y\u0131l boyunca kal\u0131r.<\/p>\n\n\n\n<p>Giri\u015f sayfam\u0131z\u0131 ziyaret ederseniz, taray\u0131c\u0131n\u0131z\u0131n \u00e7erezleri kabul edip etmedi\u011fini belirlemek i\u00e7in ge\u00e7ici bir \u00e7erez ayarlayaca\u011f\u0131z. Bu \u00e7erez ki\u015fisel veri i\u00e7ermez ve taray\u0131c\u0131n\u0131z\u0131 kapatt\u0131\u011f\u0131n\u0131zda silinir.<\/p>\n\n\n\n<p>Giri\u015f yapt\u0131\u011f\u0131n\u0131zda, giri\u015f bilgilerinizi ve ekran g\u00f6r\u00fcnt\u00fc se\u00e7eneklerinizi kaydetmek i\u00e7in birka\u00e7 \u00e7erez daha ayarlayaca\u011f\u0131z. Giri\u015f \u00e7erezleri iki g\u00fcn boyunca, ekran se\u00e7enekleri \u00e7erezleri bir y\u0131l boyunca kal\u0131r. &#8220;Beni Hat\u0131rla&#8221; se\u00e7ene\u011fini se\u00e7erseniz, giri\u015finiz iki hafta boyunca devam eder. Hesab\u0131n\u0131zdan \u00e7\u0131k\u0131\u015f yaparsan\u0131z, giri\u015f \u00e7erezleri kald\u0131r\u0131l\u0131r.<\/p>\n\n\n\n<p>Bir makaleyi d\u00fczenler veya yay\u0131nlarsan\u0131z, taray\u0131c\u0131n\u0131zda ek bir \u00e7erez kaydedilir. Bu \u00e7erez ki\u015fisel veri i\u00e7ermez ve sadece d\u00fczenledi\u011finiz makalenin g\u00f6nderi kimli\u011fini g\u00f6sterir. Bir g\u00fcn sonra s\u00fcresi dolacakt\u0131r.<\/p>\n\n\n\n<h2 class=\"wp-block-heading\">Di\u011fer web sitelerinden g\u00f6m\u00fcl\u00fc i\u00e7erik<\/h2>\n\n\n\n<p>Bu sitedeki makaleler g\u00f6m\u00fcl\u00fc i\u00e7erik (\u00f6rne\u011fin videolar, resimler, makaleler vb.) i\u00e7erebilir. Di\u011fer web sitelerinden g\u00f6m\u00fcl\u00fc i\u00e7erik, ziyaret\u00e7inin di\u011fer web sitesini ziyaret etmi\u015f gibi tam olarak ayn\u0131 \u015fekilde davran\u0131r.<\/p>\n\n\n\n<p>Bu web siteleri sizin hakk\u0131n\u0131zda veri toplayabilir, \u00e7erez kullanabilir, ek \u00fc\u00e7\u00fcnc\u00fc taraf izleme ekleyebilir ve g\u00f6m\u00fcl\u00fc i\u00e7erikle etkile\u015fiminizi izleyebilir, hesab\u0131n\u0131z varsa ve o web sitesine giri\u015f yapm\u0131\u015fsan\u0131z g\u00f6m\u00fcl\u00fc i\u00e7erikle etkile\u015fiminizi izleyebilir.<\/p>\n\n\n\n<h2 class=\"wp-block-heading\">Verilerinizi kimlerle payla\u015f\u0131yoruz<\/h2>\n\n\n\n<p>\u015eifre s\u0131f\u0131rlama iste\u011fi g\u00f6nderirseniz, IP adresiniz s\u0131f\u0131rlama e-postas\u0131na dahil edilecektir.<\/p>\n\n\n\n<h2 class=\"wp-block-heading\">Verilerinizi ne kadar s\u00fcreyle sakl\u0131yoruz<\/h2>\n\n\n\n<p>Bir yorum b\u0131rak\u0131rsan\u0131z, yorum ve metaverisi s\u00fcresiz olarak saklan\u0131r. Bu, takip yorumlar\u0131n\u0131 otomatik olarak tan\u0131y\u0131p onaylayabilmemiz i\u00e7in yap\u0131lm\u0131\u015ft\u0131r.<\/p>\n\n\n\n<p>Websitesimize kay\u0131t olan kullan\u0131c\u0131lar i\u00e7in (varsa), kullan\u0131c\u0131 profilinde sa\u011flad\u0131klar\u0131 ki\u015fisel bilgileri de saklar\u0131z. T\u00fcm kullan\u0131c\u0131lar ki\u015fisel bilgilerini istedikleri zaman g\u00f6rebilir, d\u00fczenleyebilir veya silebilir (kullan\u0131c\u0131 adlar\u0131n\u0131 de\u011fi\u015ftiremezler). Web sitesi y\u00f6neticileri de bu bilgileri g\u00f6rebilir ve d\u00fczenleyebilir.<\/p>\n\n\n\n<h2 class=\"wp-block-heading\">\u00dczerinizde verilerinizle ilgili ne haklar\u0131n\u0131z var<\/h2>\n\n\n\n<p>Bu sitede bir hesab\u0131n\u0131z varsa veya yorum yapt\u0131ysan\u0131z, size ait tuttu\u011fumuz ki\u015fisel verilere ait bir d\u0131\u015fa aktarma dosyas\u0131 talep edebilirsiniz. Ayr\u0131ca size ait olan ki\u015fisel verilerimizi silmemizi talep edebilirsiniz. Bu, idari, yasal veya g\u00fcvenlik ama\u00e7lar\u0131 i\u00e7in sakl\u0131 tutmam\u0131z gereken verileri i\u00e7ermez.<\/p>\n\n\n\n<h2 class=\"wp-block-heading\">Verilerinizin hangi yerlere g\u00f6nderildi\u011fi<\/h2>\n\n\n\n<p>Ziyaret\u00e7i yorumlar\u0131 otomatik bir spam tespit hizmetinden kontrol edilebilir.<\/p>\n","protected":false},"excerpt":{"rendered":"<p>Ben Kimim Websitesinim adresi: https:\/\/batuhan.basoglu.ca. Yorumlar Ziyaret\u00e7iler sitemize yorum yapt\u0131\u011f\u0131nda, yorum formunda g\u00f6sterilen verileri ve ziyaret\u00e7inin IP adresini ve taray\u0131c\u0131 kullan\u0131c\u0131 ajan\u0131 dizesini spam tespiti i\u00e7in topluyoruz. E-posta adresinizden olu\u015fturulan anonimle\u015ftirilmi\u015f bir dize (hash olarak da adland\u0131r\u0131l\u0131r) Gravatar hizmetine sa\u011flanabilir ve bunu kullan\u0131p kullanmad\u0131\u011f\u0131n\u0131z\u0131 g\u00f6rmek i\u00e7in kullan\u0131labilir. Gravatar hizmetinin gizlilik politikas\u0131 burada bulunabilir: https:\/\/automattic.com\/privacy\/. Yorumunuzun [&hellip;]<\/p>\n","protected":false},"author":2,"featured_media":0,"parent":0,"menu_order":4,"comment_status":"closed","ping_status":"open","template":"","meta":{"footnotes":""},"class_list":["post-303","page","type-page","status-publish","hentry"],"_links":{"self":[{"href":"https:\/\/blog.batuhan.basoglu.ca\/index.php\/wp-json\/wp\/v2\/pages\/303","targetHints":{"allow":["GET"]}}],"collection":[{"href":"https:\/\/blog.batuhan.basoglu.ca\/index.php\/wp-json\/wp\/v2\/pages"}],"about":[{"href":"https:\/\/blog.batuhan.basoglu.ca\/index.php\/wp-json\/wp\/v2\/types\/page"}],"author":[{"embeddable":true,"href":"https:\/\/blog.batuhan.basoglu.ca\/index.php\/wp-json\/wp\/v2\/users\/2"}],"replies":[{"embeddable":true,"href":"https:\/\/blog.batuhan.basoglu.ca\/index.php\/wp-json\/wp\/v2\/comments?post=303"}],"version-history":[{"count":2,"href":"https:\/\/blog.batuhan.basoglu.ca\/index.php\/wp-json\/wp\/v2\/pages\/303\/revisions"}],"predecessor-version":[{"id":1222,"href":"https:\/\/blog.batuhan.basoglu.ca\/index.php\/wp-json\/wp\/v2\/pages\/303\/revisions\/1222"}],"wp:attachment":[{"href":"https:\/\/blog.batuhan.basoglu.ca\/index.php\/wp-json\/wp\/v2\/media?parent=303"}],"curies":[{"name":"wp","href":"https:\/\/api.w.org\/{rel}","templated":true}]}}