{"id":301,"date":"2024-02-04T06:22:32","date_gmt":"2024-02-04T06:22:32","guid":{"rendered":"https:\/\/arcticpress.basoglu.co\/?page_id=301"},"modified":"2024-09-08T14:45:35","modified_gmt":"2024-09-08T18:45:35","slug":"bagislar","status":"publish","type":"page","link":"https:\/\/blog.batuhan.basoglu.ca\/index.php\/tr\/bagislar\/","title":{"rendered":"Bah\u015fi\u015f"},"content":{"rendered":"\n<p>Blog yazmak hem zaman alan hem de maaliyetli bir i\u015f. E\u011fer \u00fcretti\u011fim i\u00e7erikleri be\u011fendiyseniz a\u015fa\u011f\u0131daki ba\u011flant\u0131lardan birini kullanarak bana destek olabilirsiniz:<\/p>\n\n\n\n<ul class=\"wp-block-list\">\n<li>Ko-Fi: <a href=\"https:\/\/ko-fi.com\/batuhanbasoglu\">batuhanbasoglu<\/a><\/li>\n\n\n\n<li>Liberapay: <a href=\"https:\/\/liberapay.com\/batuhan-basoglu\">batuhan-basoglu<\/a><\/li>\n<\/ul>\n","protected":false},"excerpt":{"rendered":"<p>Blog yazmak hem zaman alan hem de maaliyetli bir i\u015f. E\u011fer \u00fcretti\u011fim i\u00e7erikleri be\u011fendiyseniz a\u015fa\u011f\u0131daki ba\u011flant\u0131lardan birini kullanarak bana destek olabilirsiniz:<\/p>\n","protected":false},"author":2,"featured_media":0,"parent":0,"menu_order":3,"comment_status":"closed","ping_status":"closed","template":"","meta":{"footnotes":""},"class_list":["post-301","page","type-page","status-publish","hentry"],"_links":{"self":[{"href":"https:\/\/blog.batuhan.basoglu.ca\/index.php\/wp-json\/wp\/v2\/pages\/301","targetHints":{"allow":["GET"]}}],"collection":[{"href":"https:\/\/blog.batuhan.basoglu.ca\/index.php\/wp-json\/wp\/v2\/pages"}],"about":[{"href":"https:\/\/blog.batuhan.basoglu.ca\/index.php\/wp-json\/wp\/v2\/types\/page"}],"author":[{"embeddable":true,"href":"https:\/\/blog.batuhan.basoglu.ca\/index.php\/wp-json\/wp\/v2\/users\/2"}],"replies":[{"embeddable":true,"href":"https:\/\/blog.batuhan.basoglu.ca\/index.php\/wp-json\/wp\/v2\/comments?post=301"}],"version-history":[{"count":3,"href":"https:\/\/blog.batuhan.basoglu.ca\/index.php\/wp-json\/wp\/v2\/pages\/301\/revisions"}],"predecessor-version":[{"id":614,"href":"https:\/\/blog.batuhan.basoglu.ca\/index.php\/wp-json\/wp\/v2\/pages\/301\/revisions\/614"}],"wp:attachment":[{"href":"https:\/\/blog.batuhan.basoglu.ca\/index.php\/wp-json\/wp\/v2\/media?parent=301"}],"curies":[{"name":"wp","href":"https:\/\/api.w.org\/{rel}","templated":true}]}}