{"id":299,"date":"2024-02-04T06:17:25","date_gmt":"2024-02-04T06:17:25","guid":{"rendered":"https:\/\/arcticpress.basoglu.co\/?page_id=299"},"modified":"2026-01-10T08:22:59","modified_gmt":"2026-01-10T13:22:59","slug":"iletisim","status":"publish","type":"page","link":"https:\/\/blog.batuhan.basoglu.ca\/index.php\/tr\/iletisim\/","title":{"rendered":"\u0130leti\u015fim"},"content":{"rendered":"\n<p>A\u015fa\u011f\u0131daki bilgiyi kullanarak benimle ileti\u015fime ge\u00e7ebilirsiniz:<\/p>\n\n\n\n<ul class=\"wp-block-list\">\n<li>E-Mail: <a href=\"mailto:batuhan@basoglu.ca\">batuhan@basoglu.ca<\/a> (<a href=\"http:\/\/batuhan.basoglu.co\/pgp\/f3f2c8e137afb702b55f772a7315eac294fe4f2f.asc\" data-type=\"link\" data-id=\"http:\/\/127.0.0.1:5500\/pgp\/f3f2c8e137afb702b55f772a7315eac294fe4f2f.asc\">PGP<\/a>)<\/li>\n<\/ul>\n","protected":false},"excerpt":{"rendered":"<p>A\u015fa\u011f\u0131daki bilgiyi kullanarak benimle ileti\u015fime ge\u00e7ebilirsiniz:<\/p>\n","protected":false},"author":2,"featured_media":0,"parent":0,"menu_order":2,"comment_status":"closed","ping_status":"open","template":"","meta":{"footnotes":""},"class_list":["post-299","page","type-page","status-publish","hentry"],"_links":{"self":[{"href":"https:\/\/blog.batuhan.basoglu.ca\/index.php\/wp-json\/wp\/v2\/pages\/299","targetHints":{"allow":["GET"]}}],"collection":[{"href":"https:\/\/blog.batuhan.basoglu.ca\/index.php\/wp-json\/wp\/v2\/pages"}],"about":[{"href":"https:\/\/blog.batuhan.basoglu.ca\/index.php\/wp-json\/wp\/v2\/types\/page"}],"author":[{"embeddable":true,"href":"https:\/\/blog.batuhan.basoglu.ca\/index.php\/wp-json\/wp\/v2\/users\/2"}],"replies":[{"embeddable":true,"href":"https:\/\/blog.batuhan.basoglu.ca\/index.php\/wp-json\/wp\/v2\/comments?post=299"}],"version-history":[{"count":4,"href":"https:\/\/blog.batuhan.basoglu.ca\/index.php\/wp-json\/wp\/v2\/pages\/299\/revisions"}],"predecessor-version":[{"id":1218,"href":"https:\/\/blog.batuhan.basoglu.ca\/index.php\/wp-json\/wp\/v2\/pages\/299\/revisions\/1218"}],"wp:attachment":[{"href":"https:\/\/blog.batuhan.basoglu.ca\/index.php\/wp-json\/wp\/v2\/media?parent=299"}],"curies":[{"name":"wp","href":"https:\/\/api.w.org\/{rel}","templated":true}]}}