{"id":297,"date":"2024-02-04T06:14:39","date_gmt":"2024-02-04T06:14:39","guid":{"rendered":"https:\/\/arcticpress.basoglu.co\/?page_id=297"},"modified":"2026-01-10T08:22:09","modified_gmt":"2026-01-10T13:22:09","slug":"hakkimda","status":"publish","type":"page","link":"https:\/\/blog.batuhan.basoglu.ca\/index.php\/tr\/hakkimda\/","title":{"rendered":"Hakk\u0131mda"},"content":{"rendered":"\n<p>Bu, teknoloji hakk\u0131ndaki g\u00f6r\u00fc\u015flerimi ifade etmenin yan\u0131 s\u0131ra bu alandaki haberleri ve trendleri payla\u015fmaya adanm\u0131\u015f profesyonel blog sayfamd\u0131r. <\/p>\n\n\n\n<p>Genel:<\/p>\n\n\n\n<ul class=\"wp-block-list\">\n<li>Websitem: <a href=\"https:\/\/batuhan.basoglu.ca\/tr\/\">https:\/\/batuhan.basoglu.ca<\/a><\/li>\n\n\n\n<li>Projeler: <a href=\"https:\/\/github.com\/batuhan-basoglu\">https:\/\/github.com\/batuhan-basoglu<\/a><\/li>\n\n\n\n<li>Videolar: <a href=\"https:\/\/www.youtube.com\/@batuhan-basoglu\">https:\/\/www.youtube.com\/@batuhan-basoglu<\/a><\/li>\n\n\n\n<li>LinkedIn: <a href=\"https:\/\/www.linkedin.com\/in\/batuhan-basoglu\/?locale=tr_TR\" data-type=\"link\" data-id=\"https:\/\/www.linkedin.com\/in\/batuhan-basoglu\/\">in\/batuhan-basoglu<\/a><\/li>\n<\/ul>\n\n\n\n<p><\/p>\n","protected":false},"excerpt":{"rendered":"<p>Bu, teknoloji hakk\u0131ndaki g\u00f6r\u00fc\u015flerimi ifade etmenin yan\u0131 s\u0131ra bu alandaki haberleri ve trendleri payla\u015fmaya adanm\u0131\u015f profesyonel blog sayfamd\u0131r. Genel:<\/p>\n","protected":false},"author":2,"featured_media":0,"parent":0,"menu_order":1,"comment_status":"closed","ping_status":"closed","template":"","meta":{"footnotes":""},"class_list":["post-297","page","type-page","status-publish","hentry"],"_links":{"self":[{"href":"https:\/\/blog.batuhan.basoglu.ca\/index.php\/wp-json\/wp\/v2\/pages\/297","targetHints":{"allow":["GET"]}}],"collection":[{"href":"https:\/\/blog.batuhan.basoglu.ca\/index.php\/wp-json\/wp\/v2\/pages"}],"about":[{"href":"https:\/\/blog.batuhan.basoglu.ca\/index.php\/wp-json\/wp\/v2\/types\/page"}],"author":[{"embeddable":true,"href":"https:\/\/blog.batuhan.basoglu.ca\/index.php\/wp-json\/wp\/v2\/users\/2"}],"replies":[{"embeddable":true,"href":"https:\/\/blog.batuhan.basoglu.ca\/index.php\/wp-json\/wp\/v2\/comments?post=297"}],"version-history":[{"count":16,"href":"https:\/\/blog.batuhan.basoglu.ca\/index.php\/wp-json\/wp\/v2\/pages\/297\/revisions"}],"predecessor-version":[{"id":1214,"href":"https:\/\/blog.batuhan.basoglu.ca\/index.php\/wp-json\/wp\/v2\/pages\/297\/revisions\/1214"}],"wp:attachment":[{"href":"https:\/\/blog.batuhan.basoglu.ca\/index.php\/wp-json\/wp\/v2\/media?parent=297"}],"curies":[{"name":"wp","href":"https:\/\/api.w.org\/{rel}","templated":true}]}}