{"id":274,"date":"2024-02-04T05:35:49","date_gmt":"2024-02-04T05:35:49","guid":{"rendered":"https:\/\/arcticpress.basoglu.co\/?page_id=274"},"modified":"2026-01-10T08:22:04","modified_gmt":"2026-01-10T13:22:04","slug":"acerca-de","status":"publish","type":"page","link":"https:\/\/blog.batuhan.basoglu.ca\/index.php\/es\/acerca-de\/","title":{"rendered":"Acerca de"},"content":{"rendered":"\n<p>Esta es mi p\u00e1gina de blog profesional, dedicada a expresar mis puntos de vista sobre tecnolog\u00eda, as\u00ed como a compartir noticias y tendencias en el campo.<\/p>\n\n\n\n<p>General:<\/p>\n\n\n\n<ul class=\"wp-block-list\">\n<li>Mi Sitio Web: <a href=\"https:\/\/batuhan.basoglu.ca\/es\/\">https:\/\/batuhan.basoglu.ca<\/a><\/li>\n\n\n\n<li>Proyectos: <a href=\"https:\/\/github.com\/batuhan-basoglu\" data-type=\"link\" data-id=\"https:\/\/git.batuhan.basoglu.ca\">https:\/\/github.com\/batuhan-basoglu<\/a><\/li>\n\n\n\n<li>Videos: <a href=\"https:\/\/www.youtube.com\/@batuhan-basoglu\">https:\/\/www.youtube.com\/@batuhan-basoglu<\/a><\/li>\n\n\n\n<li>LinkedIn: <a href=\"https:\/\/www.linkedin.com\/in\/batuhan-basoglu\/?locale=es_ES\" data-type=\"link\" data-id=\"https:\/\/www.linkedin.com\/in\/batuhan-basoglu\/\">in\/batuhan-basoglu<\/a><\/li>\n<\/ul>\n","protected":false},"excerpt":{"rendered":"<p>Esta es mi p\u00e1gina de blog profesional, dedicada a expresar mis puntos de vista sobre tecnolog\u00eda, as\u00ed como a compartir noticias y tendencias en el campo. General:<\/p>\n","protected":false},"author":2,"featured_media":0,"parent":0,"menu_order":1,"comment_status":"closed","ping_status":"closed","template":"","meta":{"footnotes":""},"class_list":["post-274","page","type-page","status-publish","hentry"],"_links":{"self":[{"href":"https:\/\/blog.batuhan.basoglu.ca\/index.php\/wp-json\/wp\/v2\/pages\/274","targetHints":{"allow":["GET"]}}],"collection":[{"href":"https:\/\/blog.batuhan.basoglu.ca\/index.php\/wp-json\/wp\/v2\/pages"}],"about":[{"href":"https:\/\/blog.batuhan.basoglu.ca\/index.php\/wp-json\/wp\/v2\/types\/page"}],"author":[{"embeddable":true,"href":"https:\/\/blog.batuhan.basoglu.ca\/index.php\/wp-json\/wp\/v2\/users\/2"}],"replies":[{"embeddable":true,"href":"https:\/\/blog.batuhan.basoglu.ca\/index.php\/wp-json\/wp\/v2\/comments?post=274"}],"version-history":[{"count":21,"href":"https:\/\/blog.batuhan.basoglu.ca\/index.php\/wp-json\/wp\/v2\/pages\/274\/revisions"}],"predecessor-version":[{"id":1213,"href":"https:\/\/blog.batuhan.basoglu.ca\/index.php\/wp-json\/wp\/v2\/pages\/274\/revisions\/1213"}],"wp:attachment":[{"href":"https:\/\/blog.batuhan.basoglu.ca\/index.php\/wp-json\/wp\/v2\/media?parent=274"}],"curies":[{"name":"wp","href":"https:\/\/api.w.org\/{rel}","templated":true}]}}