{"id":265,"date":"2024-02-04T03:29:39","date_gmt":"2024-02-04T03:29:39","guid":{"rendered":"https:\/\/arcticpress.basoglu.co\/?page_id=265"},"modified":"2026-01-10T08:22:02","modified_gmt":"2026-01-10T13:22:02","slug":"a-propos","status":"publish","type":"page","link":"https:\/\/blog.batuhan.basoglu.ca\/index.php\/fr\/a-propos\/","title":{"rendered":"\u00c0 Propos"},"content":{"rendered":"\n<p>Ceci est ma page de blog professionnel, d\u00e9di\u00e9e \u00e0 exprimer mon point de vue sur la technologie, ainsi qu&#8217;au partage d&#8217;actualit\u00e9s et de tendances dans le domaine.<\/p>\n\n\n\n<div class=\"wp-block-group\"><div class=\"wp-block-group__inner-container is-layout-constrained wp-block-group-is-layout-constrained\">\n<p>G\u00e9n\u00e9ral :<\/p>\n\n\n\n<ul class=\"wp-block-list\">\n<li>Site Web&nbsp;: <a href=\"https:\/\/batuhan.basoglu.ca\/fr\/\">https:\/\/batuhan.basoglu.ca<\/a><\/li>\n\n\n\n<li>Projets: <a href=\"https:\/\/github.com\/batuhan-basoglu\">https:\/\/github.com\/batuhan-basoglu<\/a><\/li>\n\n\n\n<li>Vid\u00e9os: <a href=\"https:\/\/www.youtube.com\/@batuhan-basoglu\">https:\/\/www.youtube.com\/@batuhan-basoglu<\/a><\/li>\n\n\n\n<li>LinkedIn: <a href=\"https:\/\/www.linkedin.com\/in\/batuhan-basoglu\/?locale=fr_FR\" data-type=\"link\" data-id=\"https:\/\/www.linkedin.com\/in\/batuhan-basoglu\/\">in\/batuhan-basoglu<\/a><\/li>\n<\/ul>\n<\/div><\/div>\n","protected":false},"excerpt":{"rendered":"<p>Ceci est ma page de blog professionnel, d\u00e9di\u00e9e \u00e0 exprimer mon point de vue sur la technologie, ainsi qu&#8217;au partage d&#8217;actualit\u00e9s et de tendances dans le domaine. G\u00e9n\u00e9ral :<\/p>\n","protected":false},"author":2,"featured_media":0,"parent":0,"menu_order":1,"comment_status":"closed","ping_status":"closed","template":"","meta":{"footnotes":""},"class_list":["post-265","page","type-page","status-publish","hentry"],"_links":{"self":[{"href":"https:\/\/blog.batuhan.basoglu.ca\/index.php\/wp-json\/wp\/v2\/pages\/265","targetHints":{"allow":["GET"]}}],"collection":[{"href":"https:\/\/blog.batuhan.basoglu.ca\/index.php\/wp-json\/wp\/v2\/pages"}],"about":[{"href":"https:\/\/blog.batuhan.basoglu.ca\/index.php\/wp-json\/wp\/v2\/types\/page"}],"author":[{"embeddable":true,"href":"https:\/\/blog.batuhan.basoglu.ca\/index.php\/wp-json\/wp\/v2\/users\/2"}],"replies":[{"embeddable":true,"href":"https:\/\/blog.batuhan.basoglu.ca\/index.php\/wp-json\/wp\/v2\/comments?post=265"}],"version-history":[{"count":20,"href":"https:\/\/blog.batuhan.basoglu.ca\/index.php\/wp-json\/wp\/v2\/pages\/265\/revisions"}],"predecessor-version":[{"id":1212,"href":"https:\/\/blog.batuhan.basoglu.ca\/index.php\/wp-json\/wp\/v2\/pages\/265\/revisions\/1212"}],"wp:attachment":[{"href":"https:\/\/blog.batuhan.basoglu.ca\/index.php\/wp-json\/wp\/v2\/media?parent=265"}],"curies":[{"name":"wp","href":"https:\/\/api.w.org\/{rel}","templated":true}]}}